{"id":34,"date":"2020-06-26T16:28:44","date_gmt":"2020-06-26T14:28:44","guid":{"rendered":"http:\/\/ffumwdy.cluster028.hosting.ovh.net\/?page_id=34"},"modified":"2020-09-23T16:07:43","modified_gmt":"2020-09-23T14:07:43","slug":"qui-sommes-nous","status":"publish","type":"page","link":"https:\/\/electrorama-idf.fr\/?page_id=34","title":{"rendered":"Qui sommes-nous?"},"content":{"rendered":"\t\t<div data-elementor-type=\"wp-page\" data-elementor-id=\"34\" class=\"elementor elementor-34\">\n\t\t\t\t\t\t\t\t\t<section class=\"elementor-section elementor-top-section elementor-element elementor-element-6f0b0fb5 elementor-section-full_width elementor-section-height-default elementor-section-height-default\" data-id=\"6f0b0fb5\" data-element_type=\"section\">\n\t\t\t\t\t\t<div class=\"elementor-container elementor-column-gap-default\">\n\t\t\t\t\t<div class=\"elementor-column elementor-col-50 elementor-top-column elementor-element elementor-element-36616794\" data-id=\"36616794\" data-element_type=\"column\">\n\t\t\t<div class=\"elementor-widget-wrap elementor-element-populated\">\n\t\t\t\t\t\t\t\t<div class=\"elementor-element elementor-element-da1b1d8 elementor-widget elementor-widget-heading\" data-id=\"da1b1d8\" data-element_type=\"widget\" data-widget_type=\"heading.default\">\n\t\t\t\t<div class=\"elementor-widget-container\">\n\t\t\t<h1 class=\"elementor-heading-title elementor-size-default\">Qui sommes-nous?<\/h1>\t\t<\/div>\n\t\t\t\t<\/div>\n\t\t\t\t<div class=\"elementor-element elementor-element-58cb9914 elementor-widget elementor-widget-heading\" data-id=\"58cb9914\" data-element_type=\"widget\" data-widget_type=\"heading.default\">\n\t\t\t\t<div class=\"elementor-widget-container\">\n\t\t\t<p class=\"elementor-heading-title elementor-size-default\">\"ELECTRORAMA, c'est La passion de la qualit\u00e9 des produits et des services\"<\/p>\t\t<\/div>\n\t\t\t\t<\/div>\n\t\t\t\t<div class=\"elementor-element elementor-element-239dbcba elementor-widget elementor-widget-text-editor\" data-id=\"239dbcba\" data-element_type=\"widget\" data-widget_type=\"text-editor.default\">\n\t\t\t\t<div class=\"elementor-widget-container\">\n\t\t\t\t\t\t\t<p class=\"p1\"><span class=\"s1\"><strong>Richard Paillet<\/strong><\/span><\/p><p>Directeur G\u00e9n\u00e9ral<\/p>\t\t\t\t\t\t<\/div>\n\t\t\t\t<\/div>\n\t\t\t\t\t<\/div>\n\t\t<\/div>\n\t\t\t\t<div class=\"elementor-column elementor-col-50 elementor-top-column elementor-element elementor-element-17c4343b\" data-id=\"17c4343b\" data-element_type=\"column\">\n\t\t\t<div class=\"elementor-widget-wrap elementor-element-populated\">\n\t\t\t\t\t\t\t\t<div class=\"elementor-element elementor-element-2c0c4a3a elementor-widget elementor-widget-text-editor\" data-id=\"2c0c4a3a\" data-element_type=\"widget\" data-widget_type=\"text-editor.default\">\n\t\t\t\t<div class=\"elementor-widget-container\">\n\t\t\t\t\t\t\t<p>ELECTRORAMA est un professionnel de l&rsquo;installation \u00e9lectrique au savoir-faire reconnu depuis 1990.<\/p><p>L&rsquo;entreprise est bas\u00e9e \u00e0 MAISONS-ALFORT (94) .<\/p><p>ELECTRORAMA est apte \u00e0 vous accompagner et \u00e0 vous proposer toutes sortes d&rsquo;\u00e9quipements : prises, interrupteurs, disjoncteurs, tableau \u00e9lectrique, visiophone, cam\u00e9ras&#8230; tout en respectant les exigences de la norme NF C 15-100 qui concerne les locaux d\u2019habitation.<\/p><p>Vous \u00eates \u00e0 la recherche d&rsquo;un artisan \u00e9lectricien \u00e0 MAISONS-ALFORT ou dans les alentours pour r\u00e9aliser des travaux d&rsquo;ordre individuel (appartement, maison) ou professionnel (b\u00e2timents, commerces, bureaux d&rsquo;entreprises) ?<\/p><p>Contactez d\u00e8s \u00e0 pr\u00e9sent ELECTRORAMA pour avancer sur votre projet \u00e9lectricit\u00e9.<\/p><p><strong>Des installateurs en \u00e9lectricit\u00e9 aux comp\u00e9tences multiples<\/strong><\/p><p>ELECTRORAMA est un installateur en \u00e9lectricit\u00e9 reconnu par la profession.<\/p><p><strong>Des \u00e9lectriciens \u00e0 votre \u00e9coute<\/strong><\/p><p>ELECTRORAMA, est tenue en permanence inform\u00e9e des tendances et des \u00e9volutions du march\u00e9 de l&rsquo;\u00e9lectricit\u00e9 ainsi que des nouveaut\u00e9s produits par ses partenaires.<\/p><p>L\u2019entreprise ELECTRORAMA est ainsi capable de vous conseiller au mieux et, si besoin, de faire \u00e9voluer votre installation \u00e9lectrique dans le temps. L\u2019entreprise ELECTRORAMA est \u00e0 m\u00eame de vous faire une d\u00e9monstration des solutions qui vous int\u00e9ressent.<\/p>\t\t\t\t\t\t<\/div>\n\t\t\t\t<\/div>\n\t\t\t\t\t<\/div>\n\t\t<\/div>\n\t\t\t\t\t\t\t<\/div>\n\t\t<\/section>\n\t\t\t\t<section class=\"elementor-section elementor-top-section elementor-element elementor-element-625dca01 elementor-section-full_width elementor-section-height-default elementor-section-height-default\" data-id=\"625dca01\" data-element_type=\"section\">\n\t\t\t\t\t\t<div class=\"elementor-container elementor-column-gap-default\">\n\t\t\t\t\t<div class=\"elementor-column elementor-col-100 elementor-top-column elementor-element elementor-element-616cf946\" data-id=\"616cf946\" data-element_type=\"column\">\n\t\t\t<div class=\"elementor-widget-wrap\">\n\t\t\t\t\t\t\t\t\t<\/div>\n\t\t<\/div>\n\t\t\t\t\t\t\t<\/div>\n\t\t<\/section>\n\t\t\t\t\t\t\t<\/div>\n\t\t","protected":false},"excerpt":{"rendered":"<p>Qui sommes-nous? \u00ab\u00a0ELECTRORAMA, c&rsquo;est La passion de la qualit\u00e9 des produits et des services\u00a0\u00bb Richard Paillet Directeur G\u00e9n\u00e9ral ELECTRORAMA est un professionnel de l&rsquo;installation \u00e9lectrique au savoir-faire reconnu depuis 1990. L&rsquo;entreprise est bas\u00e9e \u00e0 MAISONS-ALFORT (94) . ELECTRORAMA est apte \u00e0 vous accompagner et \u00e0 vous proposer toutes sortes d&rsquo;\u00e9quipements : prises, interrupteurs, disjoncteurs, tableau [&hellip;]<\/p>\n","protected":false},"author":2,"featured_media":0,"parent":0,"menu_order":0,"comment_status":"closed","ping_status":"closed","template":"","meta":{"footnotes":""},"class_list":["post-34","page","type-page","status-publish","hentry"],"_links":{"self":[{"href":"https:\/\/electrorama-idf.fr\/index.php?rest_route=\/wp\/v2\/pages\/34","targetHints":{"allow":["GET"]}}],"collection":[{"href":"https:\/\/electrorama-idf.fr\/index.php?rest_route=\/wp\/v2\/pages"}],"about":[{"href":"https:\/\/electrorama-idf.fr\/index.php?rest_route=\/wp\/v2\/types\/page"}],"author":[{"embeddable":true,"href":"https:\/\/electrorama-idf.fr\/index.php?rest_route=\/wp\/v2\/users\/2"}],"replies":[{"embeddable":true,"href":"https:\/\/electrorama-idf.fr\/index.php?rest_route=%2Fwp%2Fv2%2Fcomments&post=34"}],"version-history":[{"count":16,"href":"https:\/\/electrorama-idf.fr\/index.php?rest_route=\/wp\/v2\/pages\/34\/revisions"}],"predecessor-version":[{"id":721,"href":"https:\/\/electrorama-idf.fr\/index.php?rest_route=\/wp\/v2\/pages\/34\/revisions\/721"}],"wp:attachment":[{"href":"https:\/\/electrorama-idf.fr\/index.php?rest_route=%2Fwp%2Fv2%2Fmedia&parent=34"}],"curies":[{"name":"wp","href":"https:\/\/api.w.org\/{rel}","templated":true}]}}