{"id":31,"date":"2020-06-26T16:27:54","date_gmt":"2020-06-26T14:27:54","guid":{"rendered":"http:\/\/ffumwdy.cluster028.hosting.ovh.net\/?page_id=31"},"modified":"2020-09-28T10:48:16","modified_gmt":"2020-09-28T08:48:16","slug":"contrats-de-depannage","status":"publish","type":"page","link":"https:\/\/electrorama-idf.fr\/?page_id=31","title":{"rendered":"Contrats de d\u00e9pannage"},"content":{"rendered":"\t\t<div data-elementor-type=\"wp-page\" data-elementor-id=\"31\" class=\"elementor elementor-31\">\n\t\t\t\t\t\t\t\t\t<section class=\"elementor-section elementor-top-section elementor-element elementor-element-0476339 elementor-section-boxed elementor-section-height-default elementor-section-height-default\" data-id=\"0476339\" data-element_type=\"section\">\n\t\t\t\t\t\t<div class=\"elementor-container elementor-column-gap-default\">\n\t\t\t\t\t<div class=\"elementor-column elementor-col-50 elementor-top-column elementor-element elementor-element-fb6e820\" data-id=\"fb6e820\" data-element_type=\"column\">\n\t\t\t<div class=\"elementor-widget-wrap elementor-element-populated\">\n\t\t\t\t\t\t\t\t<div class=\"elementor-element elementor-element-0873fa6 elementor-widget elementor-widget-image\" data-id=\"0873fa6\" data-element_type=\"widget\" data-widget_type=\"image.default\">\n\t\t\t\t<div class=\"elementor-widget-container\">\n\t\t\t\t\t\t\t\t\t\t\t\t\t\t\t<img loading=\"lazy\" decoding=\"async\" width=\"2560\" height=\"1755\" src=\"https:\/\/electrorama-idf.fr\/wp-content\/uploads\/2020\/09\/Contrat-de-depannage-scaled.jpg\" class=\"attachment-full size-full wp-image-830\" alt=\"\" srcset=\"https:\/\/electrorama-idf.fr\/wp-content\/uploads\/2020\/09\/Contrat-de-depannage-scaled.jpg 2560w, https:\/\/electrorama-idf.fr\/wp-content\/uploads\/2020\/09\/Contrat-de-depannage-300x206.jpg 300w, https:\/\/electrorama-idf.fr\/wp-content\/uploads\/2020\/09\/Contrat-de-depannage-1024x702.jpg 1024w, https:\/\/electrorama-idf.fr\/wp-content\/uploads\/2020\/09\/Contrat-de-depannage-768x527.jpg 768w, https:\/\/electrorama-idf.fr\/wp-content\/uploads\/2020\/09\/Contrat-de-depannage-1536x1053.jpg 1536w, https:\/\/electrorama-idf.fr\/wp-content\/uploads\/2020\/09\/Contrat-de-depannage-2048x1404.jpg 2048w\" sizes=\"auto, (max-width: 2560px) 100vw, 2560px\" \/>\t\t\t\t\t\t\t\t\t\t\t\t\t\t\t<\/div>\n\t\t\t\t<\/div>\n\t\t\t\t\t<\/div>\n\t\t<\/div>\n\t\t\t\t<div class=\"elementor-column elementor-col-50 elementor-top-column elementor-element elementor-element-2269373\" data-id=\"2269373\" data-element_type=\"column\">\n\t\t\t<div class=\"elementor-widget-wrap elementor-element-populated\">\n\t\t\t\t\t\t\t\t<div class=\"elementor-element elementor-element-0b3d41f elementor-widget elementor-widget-text-editor\" data-id=\"0b3d41f\" data-element_type=\"widget\" data-widget_type=\"text-editor.default\">\n\t\t\t\t<div class=\"elementor-widget-container\">\n\t\t\t\t\t\t\t<p>Interphones, digicodes, portes et portails automatiques, cam\u00e9ras, VMC&#8230; vos installations sont soumises \u00e0 de multiples contraintes (\u00e9lectriques, climatiques, usages, vandalismes).<\/p><p>Un syst\u00e8me d&rsquo;Interphone par exemple est sujet \u00e0 diff\u00e9rents types de pannes, \u00e9lectriques ou \u00e9lectroniques, tels que:<\/p><ul><li>La sonnerie,<\/li><li>Le micro,<\/li><li>Le m\u00e9canisme d\u2019ouvre-porte,<\/li><li>La\u00a0 platine,<\/li><li>Les hauts-parleurs,<\/li><li>&#8230;<\/li><\/ul><p>Cependant vous \u00eates soumis \u00e0 une obligation de maintien en condition op\u00e9rationnelle de vos \u00e9quipements.<\/p><p>Notre contrat de d\u00e9pannage vous permet d&rsquo;agir rapidement en cas de panne selon des conditions d&rsquo;intervention d\u00e9finies \u00e0 l&rsquo;avance dans les termes du contrat.<\/p><p>Nos contrats vous garantissent des conditions d&rsquo;interventions et de r\u00e9parations privil\u00e9gi\u00e9es:<\/p><ul><li>Les plages horaires et journali\u00e8res couvertes,<\/li><li>les d\u00e9lais d&rsquo;interventions,<\/li><li>Le nombre d\u2019interventions incluses par mois<\/li><li>Les conditions accord\u00e9es sur le prix des pi\u00e8ces,<\/li><li>&#8230;<\/li><\/ul>\t\t\t\t\t\t<\/div>\n\t\t\t\t<\/div>\n\t\t\t\t\t<\/div>\n\t\t<\/div>\n\t\t\t\t\t\t\t<\/div>\n\t\t<\/section>\n\t\t\t\t\t\t\t<\/div>\n\t\t","protected":false},"excerpt":{"rendered":"<p>Interphones, digicodes, portes et portails automatiques, cam\u00e9ras, VMC&#8230; vos installations sont soumises \u00e0 de multiples contraintes (\u00e9lectriques, climatiques, usages, vandalismes). Un syst\u00e8me d&rsquo;Interphone par exemple est sujet \u00e0 diff\u00e9rents types de pannes, \u00e9lectriques ou \u00e9lectroniques, tels que: La sonnerie, Le micro, Le m\u00e9canisme d\u2019ouvre-porte, La\u00a0 platine, Les hauts-parleurs, &#8230; Cependant vous \u00eates soumis \u00e0 une [&hellip;]<\/p>\n","protected":false},"author":2,"featured_media":830,"parent":0,"menu_order":0,"comment_status":"closed","ping_status":"closed","template":"","meta":{"footnotes":""},"class_list":["post-31","page","type-page","status-publish","has-post-thumbnail","hentry"],"_links":{"self":[{"href":"https:\/\/electrorama-idf.fr\/index.php?rest_route=\/wp\/v2\/pages\/31","targetHints":{"allow":["GET"]}}],"collection":[{"href":"https:\/\/electrorama-idf.fr\/index.php?rest_route=\/wp\/v2\/pages"}],"about":[{"href":"https:\/\/electrorama-idf.fr\/index.php?rest_route=\/wp\/v2\/types\/page"}],"author":[{"embeddable":true,"href":"https:\/\/electrorama-idf.fr\/index.php?rest_route=\/wp\/v2\/users\/2"}],"replies":[{"embeddable":true,"href":"https:\/\/electrorama-idf.fr\/index.php?rest_route=%2Fwp%2Fv2%2Fcomments&post=31"}],"version-history":[{"count":14,"href":"https:\/\/electrorama-idf.fr\/index.php?rest_route=\/wp\/v2\/pages\/31\/revisions"}],"predecessor-version":[{"id":867,"href":"https:\/\/electrorama-idf.fr\/index.php?rest_route=\/wp\/v2\/pages\/31\/revisions\/867"}],"wp:featuredmedia":[{"embeddable":true,"href":"https:\/\/electrorama-idf.fr\/index.php?rest_route=\/wp\/v2\/media\/830"}],"wp:attachment":[{"href":"https:\/\/electrorama-idf.fr\/index.php?rest_route=%2Fwp%2Fv2%2Fmedia&parent=31"}],"curies":[{"name":"wp","href":"https:\/\/api.w.org\/{rel}","templated":true}]}}