{"id":3,"date":"2020-06-25T14:55:18","date_gmt":"2020-06-25T12:55:18","guid":{"rendered":"http:\/\/ffumwdy.cluster028.hosting.ovh.net\/?page_id=3"},"modified":"2020-09-08T14:36:21","modified_gmt":"2020-09-08T12:36:21","slug":"politique-de-confidentialite","status":"publish","type":"page","link":"https:\/\/electrorama-idf.fr\/?page_id=3","title":{"rendered":"Politique de confidentialit\u00e9"},"content":{"rendered":"\t\t<div data-elementor-type=\"wp-page\" data-elementor-id=\"3\" class=\"elementor elementor-3\">\n\t\t\t\t\t\t\t\t\t<section class=\"elementor-section elementor-top-section elementor-element elementor-element-7c7ef927 elementor-section-boxed elementor-section-height-default elementor-section-height-default\" data-id=\"7c7ef927\" data-element_type=\"section\">\n\t\t\t\t\t\t<div class=\"elementor-container elementor-column-gap-default\">\n\t\t\t\t\t<div class=\"elementor-column elementor-col-100 elementor-top-column elementor-element elementor-element-67ca81ce\" data-id=\"67ca81ce\" data-element_type=\"column\">\n\t\t\t<div class=\"elementor-widget-wrap elementor-element-populated\">\n\t\t\t\t\t\t\t\t<div class=\"elementor-element elementor-element-709ea1e8 elementor-widget elementor-widget-text-editor\" data-id=\"709ea1e8\" data-element_type=\"widget\" data-widget_type=\"text-editor.default\">\n\t\t\t\t<div class=\"elementor-widget-container\">\n\t\t\t\t\t\t\t<p><!-- wp:heading --><!-- \/wp:paragraph --><!-- wp:heading --><\/p>\n<h1>Utilisation des donn\u00e9es personnelles collect\u00e9es<\/h1>\n<p><!-- \/wp:heading --><!-- wp:heading {\"level\":3} --><\/p>\n<p><!-- \/wp:paragraph --><!-- wp:heading {\"level\":3} --><\/p>\n<p><!-- \/wp:paragraph --><!-- wp:heading {\"level\":3} --><\/p>\n<h2>Formulaire de contact<\/h2>\n<p>Les informations recueillies sur ce formulaire sont enregistr\u00e9es dans un fichier informatis\u00e9 dans le cadre de notre activit\u00e9.<\/p>\n<p>Les commentaires et les demandes des visiteurs peuvent \u00eatre v\u00e9rifi\u00e9s \u00e0 l\u2019aide d\u2019un service automatis\u00e9 de d\u00e9tection des commentaires ind\u00e9sirables.<\/p>\n<p><!-- \/wp:heading --><!-- wp:heading {\"level\":3} --><\/p>\n<h3>Cookies<\/h3>\n<p><!-- \/wp:heading --><!-- wp:paragraph --><\/p>\n<p>Si vous d\u00e9posez un commentaire sur notre site, il vous sera propos\u00e9 d\u2019enregistrer votre nom, adresse de messagerie dans des cookies. C\u2019est uniquement pour votre confort afin de ne pas avoir \u00e0 saisir ces informations si vous d\u00e9posez un autre commentaire plus tard. Ces cookies expirent au bout d\u2019un an.<\/p>\n<p><!-- \/wp:paragraph --><!-- wp:paragraph --><\/p>\n<p>Si vous avez un compte et que vous vous connectez sur ce site, un cookie temporaire sera cr\u00e9\u00e9 afin de d\u00e9terminer si votre navigateur accepte les cookies. Il ne contient pas de donn\u00e9es personnelles et sera supprim\u00e9 automatiquement \u00e0 la fermeture de votre navigateur.<\/p>\n<p><!-- \/wp:paragraph --><!-- wp:paragraph --><\/p>\n<p>Lorsque vous vous connecterez, nous mettrons en place un certain nombre de cookies pour enregistrer vos informations de connexion et vos pr\u00e9f\u00e9rences d\u2019\u00e9cran. La dur\u00e9e de vie d\u2019un cookie de connexion est de deux jours, celle d\u2019un cookie d\u2019option d\u2019\u00e9cran est d\u2019un an. Si vous cochez \u00ab&nbsp;Se souvenir de moi&nbsp;\u00bb, votre cookie de connexion sera conserv\u00e9 pendant deux semaines. Si vous vous d\u00e9connectez de votre compte, le cookie de connexion sera effac\u00e9.<\/p>\n<p><!-- \/wp:paragraph --><!-- wp:paragraph --><\/p>\n<p><!-- \/wp:paragraph --><!-- wp:heading {\"level\":3} --><\/p>\n<h2>Statistiques et mesures d\u2019audience<\/h2>\n<p>Pour les analyses de visites et la lutte contre le piratage, le site utilise des logiciels de statistiques qui enregistrent les adresses IP de nos visiteurs qui sont conserv\u00e9es sur nos serveurs.<\/p>\n<p><!-- \/wp:heading --><!-- wp:heading --><\/p>\n<h2>Utilisation et transmission de vos donn\u00e9es personnelles<\/h2>\n<dl>\n<dt>Votre consentement au traitement de ces donn\u00e9es \u00e0 caract\u00e8re personnel constitue la base l\u00e9gale pour vous envoyer des informations ou vous contacter dans le cadre de nos relations commerciales.<\/dt>\n<\/dl>\n<p>Les donn\u00e9es collect\u00e9es ne seront pas communiqu\u00e9es \u00e0 des tiers, elles sont conserv\u00e9es sans limitation de dur\u00e9e sauf demande expresse de votre part.<\/p>\n<p><!-- \/wp:heading --><!-- wp:heading --><\/p>\n<h2>Dur\u00e9es de stockage de vos donn\u00e9es<\/h2>\n<p><!-- \/wp:heading --><!-- wp:paragraph --><\/p>\n<p>Si vous laissez un commentaire, le commentaire et ses m\u00e9tadonn\u00e9es sont conserv\u00e9s ind\u00e9finiment. Cela permet de reconna\u00eetre et approuver automatiquement les commentaires suivants au lieu de les laisser dans la file de mod\u00e9ration.<\/p>\n<p><!-- \/wp:paragraph --><!-- wp:paragraph --><\/p>\n<p>Pour les utilisateurs et utilisatrices qui s\u2019enregistrent sur notre site, nous stockons \u00e9galement les donn\u00e9es personnelles indiqu\u00e9es dans leur profil. Tous les utilisateurs et utilisatrices peuvent voir, modifier ou supprimer leurs informations personnelles \u00e0 tout moment (\u00e0 l\u2019exception de leur nom d\u2019utilisateur\u00b7ice). Les gestionnaires du site peuvent aussi voir et modifier ces informations.<\/p>\n<p><!-- \/wp:paragraph --><!-- wp:heading --><\/p>\n<h2>Les droits que vous avez sur vos donn\u00e9es<\/h2>\n<p><!-- \/wp:heading --><!-- wp:paragraph --><\/p>\n<p>Si vous avez un compte ou si vous avez laiss\u00e9 des commentaires sur le site, vous pouvez demander \u00e0 recevoir un fichier contenant toutes les donn\u00e9es personnelles que nous poss\u00e9dons \u00e0 votre sujet, incluant celles que vous nous avez fournies. Vous pouvez \u00e9galement demander la suppression des donn\u00e9es personnelles vous concernant. Cela ne prend pas en compte les donn\u00e9es stock\u00e9es \u00e0 des fins administratives, l\u00e9gales ou pour des raisons de s\u00e9curit\u00e9.<\/p>\n<p><!-- \/wp:paragraph --><!-- wp:heading --><\/p>\n<p><!-- \/wp:paragraph --><!-- wp:heading --><\/p>\n<p><!-- \/wp:heading --><!-- wp:heading --><\/p>\n<h2>Informations suppl\u00e9mentaires<\/h2>\n<p><!-- \/wp:heading --><!-- wp:heading {\"level\":3} --><\/p>\n<h3>Comment nous prot\u00e9geons vos donn\u00e9es<\/h3>\n<p>Toutes nos donn\u00e9es et les v\u00f4tres sont stock\u00e9es en France sur le site d&rsquo;un h\u00e9bergeur professionnel qui assure la s\u00e9curit\u00e9 de ses serveurs.<\/p>\n<p><!-- \/wp:heading --><!-- wp:heading {\"level\":3} --><\/p>\n<h3>Proc\u00e9dures mises en \u0153uvre en cas de fuite de donn\u00e9es<\/h3>\n<p>Si, malgr\u00e9 toutes les pr\u00e9cautions prises, nous \u00e9tions confront\u00e9s \u00e0 une fuite de donn\u00e9es, nous vous contacterions pour vous en informer d\u00e8s que nous en aurions connaissance.<\/p>\n<p><!-- \/wp:heading --><!-- wp:heading {\"level\":3} --><\/p>\n<p><!-- \/wp:heading --><!-- wp:heading {\"level\":3} --><\/p>\n<h3>Op\u00e9rations de marketing automatis\u00e9 et\/ou de profilage r\u00e9alis\u00e9es \u00e0 l\u2019aide des donn\u00e9es personnelles<\/h3>\n<p>Nous pouvons organiser des op\u00e9rations de marketing aupr\u00e8s de nos clients avec leur consentement. Chaque client peut enlever son consentement \u00e0 tout moment.<\/p>\n<p><!-- \/wp:heading --><!-- wp:heading {\"level\":3} --><\/p>\n<h3>Autres informations<\/h3>\n<p>Consultez le site&nbsp;cnil.fr pour plus d\u2019informations sur vos droits.<br>Pour exercer ces droits ou pour toute question sur le traitement de vos donn\u00e9es dans ce dispositif, vous pouvez utiliser le formulaire de contact<br>Si vous estimez, apr\u00e8s nous avoir contact\u00e9, que vos droits \u00ab&nbsp;Informatique et Libert\u00e9s&nbsp;\u00bb ne sont pas respect\u00e9s, vous pouvez adresser une r\u00e9clamation \u00e0 la CNIL.<\/p>\n<p><!-- \/wp:heading --><\/p>\t\t\t\t\t\t<\/div>\n\t\t\t\t<\/div>\n\t\t\t\t\t<\/div>\n\t\t<\/div>\n\t\t\t\t\t\t\t<\/div>\n\t\t<\/section>\n\t\t\t\t\t\t\t<\/div>\n\t\t","protected":false},"excerpt":{"rendered":"<p>Utilisation des donn\u00e9es personnelles collect\u00e9es Formulaire de contact Les informations recueillies sur ce formulaire sont enregistr\u00e9es dans un fichier informatis\u00e9 dans le cadre de notre activit\u00e9. Les commentaires et les demandes des visiteurs peuvent \u00eatre v\u00e9rifi\u00e9s \u00e0 l\u2019aide d\u2019un service automatis\u00e9 de d\u00e9tection des commentaires ind\u00e9sirables. Cookies Si vous d\u00e9posez un commentaire sur notre site, [&hellip;]<\/p>\n","protected":false},"author":2,"featured_media":0,"parent":0,"menu_order":0,"comment_status":"closed","ping_status":"closed","template":"","meta":{"footnotes":""},"class_list":["post-3","page","type-page","status-publish","hentry"],"_links":{"self":[{"href":"https:\/\/electrorama-idf.fr\/index.php?rest_route=\/wp\/v2\/pages\/3","targetHints":{"allow":["GET"]}}],"collection":[{"href":"https:\/\/electrorama-idf.fr\/index.php?rest_route=\/wp\/v2\/pages"}],"about":[{"href":"https:\/\/electrorama-idf.fr\/index.php?rest_route=\/wp\/v2\/types\/page"}],"author":[{"embeddable":true,"href":"https:\/\/electrorama-idf.fr\/index.php?rest_route=\/wp\/v2\/users\/2"}],"replies":[{"embeddable":true,"href":"https:\/\/electrorama-idf.fr\/index.php?rest_route=%2Fwp%2Fv2%2Fcomments&post=3"}],"version-history":[{"count":13,"href":"https:\/\/electrorama-idf.fr\/index.php?rest_route=\/wp\/v2\/pages\/3\/revisions"}],"predecessor-version":[{"id":551,"href":"https:\/\/electrorama-idf.fr\/index.php?rest_route=\/wp\/v2\/pages\/3\/revisions\/551"}],"wp:attachment":[{"href":"https:\/\/electrorama-idf.fr\/index.php?rest_route=%2Fwp%2Fv2%2Fmedia&parent=3"}],"curies":[{"name":"wp","href":"https:\/\/api.w.org\/{rel}","templated":true}]}}