{"id":19,"date":"2020-06-26T16:24:11","date_gmt":"2020-06-26T14:24:11","guid":{"rendered":"http:\/\/ffumwdy.cluster028.hosting.ovh.net\/?page_id=19"},"modified":"2020-09-28T10:07:38","modified_gmt":"2020-09-28T08:07:38","slug":"electricite-generale","status":"publish","type":"page","link":"https:\/\/electrorama-idf.fr\/?page_id=19","title":{"rendered":"Electricit\u00e9 g\u00e9n\u00e9rale"},"content":{"rendered":"\t\t<div data-elementor-type=\"wp-page\" data-elementor-id=\"19\" class=\"elementor elementor-19\">\n\t\t\t\t\t\t\t\t\t<section class=\"elementor-section elementor-top-section elementor-element elementor-element-1044b11 elementor-section-height-min-height elementor-section-boxed elementor-section-height-default elementor-section-items-middle\" data-id=\"1044b11\" data-element_type=\"section\" data-settings=\"{&quot;background_background&quot;:&quot;classic&quot;}\">\n\t\t\t\t\t\t\t<div class=\"elementor-background-overlay\"><\/div>\n\t\t\t\t\t\t\t<div class=\"elementor-container elementor-column-gap-no\">\n\t\t\t\t\t<div class=\"elementor-column elementor-col-100 elementor-top-column elementor-element elementor-element-73775fc6\" data-id=\"73775fc6\" data-element_type=\"column\" data-settings=\"{&quot;background_background&quot;:&quot;classic&quot;}\">\n\t\t\t<div class=\"elementor-widget-wrap elementor-element-populated\">\n\t\t\t\t\t<div class=\"elementor-background-overlay\"><\/div>\n\t\t\t\t\t\t\t\t<div class=\"elementor-element elementor-element-271bdea8 elementor-widget elementor-widget-heading\" data-id=\"271bdea8\" data-element_type=\"widget\" data-widget_type=\"heading.default\">\n\t\t\t\t<div class=\"elementor-widget-container\">\n\t\t\t<h1 class=\"elementor-heading-title elementor-size-large\">Electricit\u00e9 g\u00e9n\u00e9rale<\/h1>\t\t<\/div>\n\t\t\t\t<\/div>\n\t\t\t\t<div class=\"elementor-element elementor-element-1aa0e685 elementor-widget elementor-widget-heading\" data-id=\"1aa0e685\" data-element_type=\"widget\" data-widget_type=\"heading.default\">\n\t\t\t\t<div class=\"elementor-widget-container\">\n\t\t\t<h2 class=\"elementor-heading-title elementor-size-large\">Electrorama est sp\u00e9cialis\u00e9 depuis 30 ans la r\u00e9alisation de chantiers d'\u00e9lectricit\u00e9 g\u00e9n\u00e9rale<\/h2>\t\t<\/div>\n\t\t\t\t<\/div>\n\t\t\t\t<div class=\"elementor-element elementor-element-6a1dcd92 elementor-widget elementor-widget-spacer\" data-id=\"6a1dcd92\" data-element_type=\"widget\" data-widget_type=\"spacer.default\">\n\t\t\t\t<div class=\"elementor-widget-container\">\n\t\t\t\t\t<div class=\"elementor-spacer\">\n\t\t\t<div class=\"elementor-spacer-inner\"><\/div>\n\t\t<\/div>\n\t\t\t\t<\/div>\n\t\t\t\t<\/div>\n\t\t\t\t\t<\/div>\n\t\t<\/div>\n\t\t\t\t\t\t\t<\/div>\n\t\t<\/section>\n\t\t\t\t<section class=\"elementor-section elementor-top-section elementor-element elementor-element-6a75570c elementor-section-boxed elementor-section-height-default elementor-section-height-default\" data-id=\"6a75570c\" data-element_type=\"section\">\n\t\t\t\t\t\t<div class=\"elementor-container elementor-column-gap-default\">\n\t\t\t\t\t<div class=\"elementor-column elementor-col-100 elementor-top-column elementor-element elementor-element-250e79b1\" data-id=\"250e79b1\" data-element_type=\"column\" data-settings=\"{&quot;background_background&quot;:&quot;classic&quot;}\">\n\t\t\t<div class=\"elementor-widget-wrap elementor-element-populated\">\n\t\t\t\t\t\t\t\t<section class=\"elementor-section elementor-inner-section elementor-element elementor-element-7c61e144 elementor-section-boxed elementor-section-height-default elementor-section-height-default\" data-id=\"7c61e144\" data-element_type=\"section\">\n\t\t\t\t\t\t<div class=\"elementor-container elementor-column-gap-no\">\n\t\t\t\t\t<div class=\"elementor-column elementor-col-50 elementor-inner-column elementor-element elementor-element-19aa4494\" data-id=\"19aa4494\" data-element_type=\"column\">\n\t\t\t<div class=\"elementor-widget-wrap elementor-element-populated\">\n\t\t\t\t\t\t\t\t<div class=\"elementor-element elementor-element-5a5dd59 elementor-position-left elementor-vertical-align-top elementor-widget elementor-widget-image-box\" data-id=\"5a5dd59\" data-element_type=\"widget\" data-widget_type=\"image-box.default\">\n\t\t\t\t<div class=\"elementor-widget-container\">\n\t\t\t<div class=\"elementor-image-box-wrapper\"><figure class=\"elementor-image-box-img\"><img loading=\"lazy\" decoding=\"async\" width=\"70\" height=\"71\" src=\"https:\/\/electrorama-idf.fr\/wp-content\/uploads\/2020\/07\/icon-1-1.png\" class=\"attachment-full size-full wp-image-258\" alt=\"electrorama-electricite-generale\" \/><\/figure><div class=\"elementor-image-box-content\"><h3 class=\"elementor-image-box-title\">Etudes des besoins<\/h3><p class=\"elementor-image-box-description\">\u00c9tude des besoins et contraintes de votre site.<\/p><\/div><\/div>\t\t<\/div>\n\t\t\t\t<\/div>\n\t\t\t\t\t<\/div>\n\t\t<\/div>\n\t\t\t\t<div class=\"elementor-column elementor-col-50 elementor-inner-column elementor-element elementor-element-18c7568a\" data-id=\"18c7568a\" data-element_type=\"column\">\n\t\t\t<div class=\"elementor-widget-wrap elementor-element-populated\">\n\t\t\t\t\t\t\t\t<div class=\"elementor-element elementor-element-20b4c442 elementor-position-left elementor-vertical-align-top elementor-widget elementor-widget-image-box\" data-id=\"20b4c442\" data-element_type=\"widget\" data-widget_type=\"image-box.default\">\n\t\t\t\t<div class=\"elementor-widget-container\">\n\t\t\t<div class=\"elementor-image-box-wrapper\"><figure class=\"elementor-image-box-img\"><img loading=\"lazy\" decoding=\"async\" width=\"70\" height=\"69\" src=\"https:\/\/electrorama-idf.fr\/wp-content\/uploads\/2020\/07\/icon2.png\" class=\"attachment-full size-full wp-image-259\" alt=\"electrorama-electricite-generale\" \/><\/figure><div class=\"elementor-image-box-content\"><h3 class=\"elementor-image-box-title\">devis<\/h3><p class=\"elementor-image-box-description\">R\u00e9alisation rapides des devis.<\/p><\/div><\/div>\t\t<\/div>\n\t\t\t\t<\/div>\n\t\t\t\t\t<\/div>\n\t\t<\/div>\n\t\t\t\t\t\t\t<\/div>\n\t\t<\/section>\n\t\t\t\t<section class=\"elementor-section elementor-inner-section elementor-element elementor-element-57b046ef elementor-section-boxed elementor-section-height-default elementor-section-height-default\" data-id=\"57b046ef\" data-element_type=\"section\">\n\t\t\t\t\t\t<div class=\"elementor-container elementor-column-gap-no\">\n\t\t\t\t\t<div class=\"elementor-column elementor-col-50 elementor-inner-column elementor-element elementor-element-37a75e26\" data-id=\"37a75e26\" data-element_type=\"column\">\n\t\t\t<div class=\"elementor-widget-wrap elementor-element-populated\">\n\t\t\t\t\t\t\t\t<div class=\"elementor-element elementor-element-2dc66d38 elementor-position-left elementor-vertical-align-top elementor-widget elementor-widget-image-box\" data-id=\"2dc66d38\" data-element_type=\"widget\" data-widget_type=\"image-box.default\">\n\t\t\t\t<div class=\"elementor-widget-container\">\n\t\t\t<div class=\"elementor-image-box-wrapper\"><figure class=\"elementor-image-box-img\"><img loading=\"lazy\" decoding=\"async\" width=\"70\" height=\"67\" src=\"https:\/\/electrorama-idf.fr\/wp-content\/uploads\/2020\/07\/icon3.png\" class=\"attachment-full size-full wp-image-260\" alt=\"electrorama-electricite-generale\" \/><\/figure><div class=\"elementor-image-box-content\"><h3 class=\"elementor-image-box-title\">Commande et livraison<\/h3><p class=\"elementor-image-box-description\">Commandes des \u00e9quipements n\u00e9cessaires et livraison sur le site du chantier.<\/p><\/div><\/div>\t\t<\/div>\n\t\t\t\t<\/div>\n\t\t\t\t\t<\/div>\n\t\t<\/div>\n\t\t\t\t<div class=\"elementor-column elementor-col-50 elementor-inner-column elementor-element elementor-element-489b93e1\" data-id=\"489b93e1\" data-element_type=\"column\">\n\t\t\t<div class=\"elementor-widget-wrap elementor-element-populated\">\n\t\t\t\t\t\t\t\t<div class=\"elementor-element elementor-element-7c4bc56 elementor-position-left elementor-vertical-align-top elementor-widget elementor-widget-image-box\" data-id=\"7c4bc56\" data-element_type=\"widget\" data-widget_type=\"image-box.default\">\n\t\t\t\t<div class=\"elementor-widget-container\">\n\t\t\t<div class=\"elementor-image-box-wrapper\"><figure class=\"elementor-image-box-img\"><img loading=\"lazy\" decoding=\"async\" width=\"72\" height=\"73\" src=\"https:\/\/electrorama-idf.fr\/wp-content\/uploads\/2020\/07\/icon4.png\" class=\"attachment-full size-full wp-image-261\" alt=\"electrorama-electricite-generale\" \/><\/figure><div class=\"elementor-image-box-content\"><h3 class=\"elementor-image-box-title\">R\u00e9alisation des travaux<\/h3><p class=\"elementor-image-box-description\">R\u00e9alisations des travaux et tests de bon fonctionnement, nettoyage du chantier.<\/p><\/div><\/div>\t\t<\/div>\n\t\t\t\t<\/div>\n\t\t\t\t\t<\/div>\n\t\t<\/div>\n\t\t\t\t\t\t\t<\/div>\n\t\t<\/section>\n\t\t\t\t\t<\/div>\n\t\t<\/div>\n\t\t\t\t\t\t\t<\/div>\n\t\t<\/section>\n\t\t\t\t<section class=\"elementor-section elementor-top-section elementor-element elementor-element-64b94f7 elementor-section-content-middle elementor-reverse-mobile elementor-section-boxed elementor-section-height-default elementor-section-height-default\" data-id=\"64b94f7\" data-element_type=\"section\">\n\t\t\t\t\t\t<div class=\"elementor-container elementor-column-gap-default\">\n\t\t\t\t\t<div class=\"elementor-column elementor-col-50 elementor-top-column elementor-element elementor-element-67c475a7\" data-id=\"67c475a7\" data-element_type=\"column\">\n\t\t\t<div class=\"elementor-widget-wrap elementor-element-populated\">\n\t\t\t\t\t\t\t\t<div class=\"elementor-element elementor-element-305c32b2 elementor-widget elementor-widget-heading\" data-id=\"305c32b2\" data-element_type=\"widget\" data-widget_type=\"heading.default\">\n\t\t\t\t<div class=\"elementor-widget-container\">\n\t\t\t<h2 class=\"elementor-heading-title elementor-size-default\">C\u00e2blage<\/h2>\t\t<\/div>\n\t\t\t\t<\/div>\n\t\t\t\t<div class=\"elementor-element elementor-element-6aaf3afe elementor-widget elementor-widget-text-editor\" data-id=\"6aaf3afe\" data-element_type=\"widget\" data-widget_type=\"text-editor.default\">\n\t\t\t\t<div class=\"elementor-widget-container\">\n\t\t\t\t\t\t\t<p>Electrorama assure l&rsquo;installation de tout type de c\u00e2blage en basse et moyenne tension.<\/p>\t\t\t\t\t\t<\/div>\n\t\t\t\t<\/div>\n\t\t\t\t\t<\/div>\n\t\t<\/div>\n\t\t\t\t<div class=\"elementor-column elementor-col-50 elementor-top-column elementor-element elementor-element-144ac593\" data-id=\"144ac593\" data-element_type=\"column\">\n\t\t\t<div class=\"elementor-widget-wrap elementor-element-populated\">\n\t\t\t\t\t\t\t\t<div class=\"elementor-element elementor-element-2515f593 elementor-widget elementor-widget-image\" data-id=\"2515f593\" data-element_type=\"widget\" loading=\"lazy\" data-widget_type=\"image.default\">\n\t\t\t\t<div class=\"elementor-widget-container\">\n\t\t\t\t\t\t\t\t\t\t\t\t\t\t\t<img loading=\"lazy\" decoding=\"async\" width=\"2560\" height=\"1707\" src=\"https:\/\/electrorama-idf.fr\/wp-content\/uploads\/2020\/07\/israel-palacio-ImcUkZ72oUs-unsplash-scaled.jpg\" class=\"attachment-full size-full wp-image-436\" alt=\"electrorama electricite generale\" srcset=\"https:\/\/electrorama-idf.fr\/wp-content\/uploads\/2020\/07\/israel-palacio-ImcUkZ72oUs-unsplash-scaled.jpg 2560w, https:\/\/electrorama-idf.fr\/wp-content\/uploads\/2020\/07\/israel-palacio-ImcUkZ72oUs-unsplash-300x200.jpg 300w, https:\/\/electrorama-idf.fr\/wp-content\/uploads\/2020\/07\/israel-palacio-ImcUkZ72oUs-unsplash-1024x683.jpg 1024w, https:\/\/electrorama-idf.fr\/wp-content\/uploads\/2020\/07\/israel-palacio-ImcUkZ72oUs-unsplash-768x512.jpg 768w, https:\/\/electrorama-idf.fr\/wp-content\/uploads\/2020\/07\/israel-palacio-ImcUkZ72oUs-unsplash-1536x1024.jpg 1536w, https:\/\/electrorama-idf.fr\/wp-content\/uploads\/2020\/07\/israel-palacio-ImcUkZ72oUs-unsplash-2048x1365.jpg 2048w\" sizes=\"auto, (max-width: 2560px) 100vw, 2560px\" \/>\t\t\t\t\t\t\t\t\t\t\t\t\t\t\t<\/div>\n\t\t\t\t<\/div>\n\t\t\t\t\t<\/div>\n\t\t<\/div>\n\t\t\t\t\t\t\t<\/div>\n\t\t<\/section>\n\t\t\t\t<section class=\"elementor-section elementor-top-section elementor-element elementor-element-6ce3546b elementor-section-content-middle elementor-section-boxed elementor-section-height-default elementor-section-height-default\" data-id=\"6ce3546b\" data-element_type=\"section\">\n\t\t\t\t\t\t<div class=\"elementor-container elementor-column-gap-default\">\n\t\t\t\t\t<div class=\"elementor-column elementor-col-50 elementor-top-column elementor-element elementor-element-e0c4554\" data-id=\"e0c4554\" data-element_type=\"column\">\n\t\t\t<div class=\"elementor-widget-wrap elementor-element-populated\">\n\t\t\t\t\t\t\t\t<div class=\"elementor-element elementor-element-c392b71 elementor-widget elementor-widget-image\" data-id=\"c392b71\" data-element_type=\"widget\" loading=\"lazy\" data-widget_type=\"image.default\">\n\t\t\t\t<div class=\"elementor-widget-container\">\n\t\t\t\t\t\t\t\t\t\t\t\t\t\t\t<img loading=\"lazy\" decoding=\"async\" width=\"700\" height=\"700\" src=\"https:\/\/electrorama-idf.fr\/wp-content\/uploads\/2020\/09\/electricite-generale_legrand_electrorama.jpg\" class=\"attachment-large size-large wp-image-591\" alt=\"electricite-generale_legrand_electrorama\" srcset=\"https:\/\/electrorama-idf.fr\/wp-content\/uploads\/2020\/09\/electricite-generale_legrand_electrorama.jpg 700w, https:\/\/electrorama-idf.fr\/wp-content\/uploads\/2020\/09\/electricite-generale_legrand_electrorama-300x300.jpg 300w, https:\/\/electrorama-idf.fr\/wp-content\/uploads\/2020\/09\/electricite-generale_legrand_electrorama-150x150.jpg 150w\" sizes=\"auto, (max-width: 700px) 100vw, 700px\" \/>\t\t\t\t\t\t\t\t\t\t\t\t\t\t\t<\/div>\n\t\t\t\t<\/div>\n\t\t\t\t\t<\/div>\n\t\t<\/div>\n\t\t\t\t<div class=\"elementor-column elementor-col-50 elementor-top-column elementor-element elementor-element-1e1692a\" data-id=\"1e1692a\" data-element_type=\"column\">\n\t\t\t<div class=\"elementor-widget-wrap elementor-element-populated\">\n\t\t\t\t\t\t\t\t<div class=\"elementor-element elementor-element-c5cf2b1 elementor-widget elementor-widget-heading\" data-id=\"c5cf2b1\" data-element_type=\"widget\" data-widget_type=\"heading.default\">\n\t\t\t\t<div class=\"elementor-widget-container\">\n\t\t\t<h2 class=\"elementor-heading-title elementor-size-default\">Armoires \u00e9lectriques<\/h2>\t\t<\/div>\n\t\t\t\t<\/div>\n\t\t\t\t<div class=\"elementor-element elementor-element-b65ad76 elementor-widget elementor-widget-text-editor\" data-id=\"b65ad76\" data-element_type=\"widget\" data-widget_type=\"text-editor.default\">\n\t\t\t\t<div class=\"elementor-widget-container\">\n\t\t\t\t\t\t\t<p>Electrorama effectue tous types d&rsquo;interventions sur les armoires \u00e9lectriques:<\/p><ul><li>Installation,<\/li><li>modification,<\/li><li>remplacement.<\/li><\/ul>\t\t\t\t\t\t<\/div>\n\t\t\t\t<\/div>\n\t\t\t\t\t<\/div>\n\t\t<\/div>\n\t\t\t\t\t\t\t<\/div>\n\t\t<\/section>\n\t\t\t\t<section class=\"elementor-section elementor-top-section elementor-element elementor-element-11b0528d elementor-section-content-middle elementor-reverse-mobile elementor-section-boxed elementor-section-height-default elementor-section-height-default\" data-id=\"11b0528d\" data-element_type=\"section\">\n\t\t\t\t\t\t<div class=\"elementor-container elementor-column-gap-default\">\n\t\t\t\t\t<div class=\"elementor-column elementor-col-50 elementor-top-column elementor-element elementor-element-3cf761d\" data-id=\"3cf761d\" data-element_type=\"column\">\n\t\t\t<div class=\"elementor-widget-wrap elementor-element-populated\">\n\t\t\t\t\t\t\t\t<div class=\"elementor-element elementor-element-ca6c7eb elementor-widget elementor-widget-heading\" data-id=\"ca6c7eb\" data-element_type=\"widget\" data-widget_type=\"heading.default\">\n\t\t\t\t<div class=\"elementor-widget-container\">\n\t\t\t<h2 class=\"elementor-heading-title elementor-size-default\">Antennes<\/h2>\t\t<\/div>\n\t\t\t\t<\/div>\n\t\t\t\t<div class=\"elementor-element elementor-element-78de034 elementor-widget elementor-widget-text-editor\" data-id=\"78de034\" data-element_type=\"widget\" data-widget_type=\"text-editor.default\">\n\t\t\t\t<div class=\"elementor-widget-container\">\n\t\t\t\t\t\t\t<p>Electrorama assure l&rsquo;installation et le d\u00e9pannage de tous mod\u00e8les d&rsquo;antennes ext\u00e9rieures ou int\u00e9rieures.<\/p>\t\t\t\t\t\t<\/div>\n\t\t\t\t<\/div>\n\t\t\t\t\t<\/div>\n\t\t<\/div>\n\t\t\t\t<div class=\"elementor-column elementor-col-50 elementor-top-column elementor-element elementor-element-34f6994e\" data-id=\"34f6994e\" data-element_type=\"column\">\n\t\t\t<div class=\"elementor-widget-wrap elementor-element-populated\">\n\t\t\t\t\t\t\t\t<div class=\"elementor-element elementor-element-7ac9936d elementor-widget elementor-widget-image\" data-id=\"7ac9936d\" data-element_type=\"widget\" loading=\"lazy\" data-widget_type=\"image.default\">\n\t\t\t\t<div class=\"elementor-widget-container\">\n\t\t\t\t\t\t\t\t\t\t\t\t\t\t\t<img loading=\"lazy\" decoding=\"async\" width=\"800\" height=\"530\" src=\"https:\/\/electrorama-idf.fr\/wp-content\/uploads\/2020\/07\/jose-antonio-gallego-vazquez-K38wkhiOnmU-unsplash-1024x678.jpg\" class=\"attachment-large size-large wp-image-442\" alt=\"electrorama electricite generale antennes\" srcset=\"https:\/\/electrorama-idf.fr\/wp-content\/uploads\/2020\/07\/jose-antonio-gallego-vazquez-K38wkhiOnmU-unsplash-1024x678.jpg 1024w, https:\/\/electrorama-idf.fr\/wp-content\/uploads\/2020\/07\/jose-antonio-gallego-vazquez-K38wkhiOnmU-unsplash-300x199.jpg 300w, https:\/\/electrorama-idf.fr\/wp-content\/uploads\/2020\/07\/jose-antonio-gallego-vazquez-K38wkhiOnmU-unsplash-768x509.jpg 768w, https:\/\/electrorama-idf.fr\/wp-content\/uploads\/2020\/07\/jose-antonio-gallego-vazquez-K38wkhiOnmU-unsplash-1536x1017.jpg 1536w, https:\/\/electrorama-idf.fr\/wp-content\/uploads\/2020\/07\/jose-antonio-gallego-vazquez-K38wkhiOnmU-unsplash-2048x1356.jpg 2048w\" sizes=\"auto, (max-width: 800px) 100vw, 800px\" \/>\t\t\t\t\t\t\t\t\t\t\t\t\t\t\t<\/div>\n\t\t\t\t<\/div>\n\t\t\t\t\t<\/div>\n\t\t<\/div>\n\t\t\t\t\t\t\t<\/div>\n\t\t<\/section>\n\t\t\t\t\t\t\t<\/div>\n\t\t","protected":false},"excerpt":{"rendered":"<p>Electricit\u00e9 g\u00e9n\u00e9rale Electrorama est sp\u00e9cialis\u00e9 depuis 30 ans la r\u00e9alisation de chantiers d&rsquo;\u00e9lectricit\u00e9 g\u00e9n\u00e9rale Etudes des besoins \u00c9tude des besoins et contraintes de votre site. devis R\u00e9alisation rapides des devis. Commande et livraison Commandes des \u00e9quipements n\u00e9cessaires et livraison sur le site du chantier. R\u00e9alisation des travaux R\u00e9alisations des travaux et tests de bon fonctionnement, [&hellip;]<\/p>\n","protected":false},"author":2,"featured_media":825,"parent":0,"menu_order":0,"comment_status":"closed","ping_status":"closed","template":"","meta":{"footnotes":""},"class_list":["post-19","page","type-page","status-publish","has-post-thumbnail","hentry"],"_links":{"self":[{"href":"https:\/\/electrorama-idf.fr\/index.php?rest_route=\/wp\/v2\/pages\/19","targetHints":{"allow":["GET"]}}],"collection":[{"href":"https:\/\/electrorama-idf.fr\/index.php?rest_route=\/wp\/v2\/pages"}],"about":[{"href":"https:\/\/electrorama-idf.fr\/index.php?rest_route=\/wp\/v2\/types\/page"}],"author":[{"embeddable":true,"href":"https:\/\/electrorama-idf.fr\/index.php?rest_route=\/wp\/v2\/users\/2"}],"replies":[{"embeddable":true,"href":"https:\/\/electrorama-idf.fr\/index.php?rest_route=%2Fwp%2Fv2%2Fcomments&post=19"}],"version-history":[{"count":47,"href":"https:\/\/electrorama-idf.fr\/index.php?rest_route=\/wp\/v2\/pages\/19\/revisions"}],"predecessor-version":[{"id":801,"href":"https:\/\/electrorama-idf.fr\/index.php?rest_route=\/wp\/v2\/pages\/19\/revisions\/801"}],"wp:featuredmedia":[{"embeddable":true,"href":"https:\/\/electrorama-idf.fr\/index.php?rest_route=\/wp\/v2\/media\/825"}],"wp:attachment":[{"href":"https:\/\/electrorama-idf.fr\/index.php?rest_route=%2Fwp%2Fv2%2Fmedia&parent=19"}],"curies":[{"name":"wp","href":"https:\/\/api.w.org\/{rel}","templated":true}]}}